{"id":2898,"date":"2025-01-03T10:02:25","date_gmt":"2025-01-03T09:02:25","guid":{"rendered":"https:\/\/en-classe.festivaldemarseille.com\/?page_id=2898"},"modified":"2026-02-27T11:29:23","modified_gmt":"2026-02-27T10:29:23","slug":"ebv-dispositifs-eac","status":"publish","type":"page","link":"https:\/\/en-classe.festivaldemarseille.com\/index.php\/ebv-dispositifs-eac\/","title":{"rendered":"Actions \u00e9ducatives et culturelles"},"content":{"rendered":"<p>[et_pb_section fb_built=\u00a0\u00bb1&Prime; _builder_version=\u00a0\u00bb4.14.4&Prime; _module_preset=\u00a0\u00bbdefault\u00a0\u00bb global_colors_info=\u00a0\u00bb{}\u00a0\u00bb][et_pb_row _builder_version=\u00a0\u00bb4.14.4&Prime; _module_preset=\u00a0\u00bbdefault\u00a0\u00bb global_colors_info=\u00a0\u00bb{}\u00a0\u00bb][et_pb_column type=\u00a0\u00bb4_4&Prime; _builder_version=\u00a0\u00bb4.14.4&Prime; _module_preset=\u00a0\u00bbdefault\u00a0\u00bb global_colors_info=\u00a0\u00bb{}\u00a0\u00bb][et_pb_text _builder_version=\u00a0\u00bb4.14.4&Prime; _module_preset=\u00a0\u00bbdefault\u00a0\u00bb global_colors_info=\u00a0\u00bb{}\u00a0\u00bb]Le Festival de Marseille met en place diff\u00e9rents parcours de spectateur\u00b7ices. Chaque ann\u00e9e, de nouvelles th\u00e9matiques sont imagin\u00e9es et de nouvelles classes peuvent en b\u00e9n\u00e9ficier !<\/p>\n<p>Pens\u00e9s comme un moyen de d\u00e9couvrir le monde du spectacle vivant, ses enjeux et ses acteurs, les parcours reposent sur les diff\u00e9rents piliers de l&rsquo;Education Artistique et Culturelle : <strong>Conna\u00eetre<\/strong> (s\u2019approprier un vocabulaire, exprimer une \u00e9motion, un jugement; d\u00e9couvrir le monde de la danse), <strong>Rencontrer<\/strong> (des \u0153uvres, des lieux, des artistes, des professionnel\u00b7les du spectacle vivant)<strong> et Pratiquer<\/strong> (s\u2019essayer \u00e0 une technique, participer \u00e0 un processus de cr\u00e9ation, pr\u00e9senter une production).<\/p>\n<p>&nbsp;[\/et_pb_text][\/et_pb_column][\/et_pb_row][et_pb_row column_structure=\u00a0\u00bb1_2,1_2&Prime; _builder_version=\u00a0\u00bb4.14.4&Prime; _module_preset=\u00a0\u00bbdefault\u00a0\u00bb global_colors_info=\u00a0\u00bb{}\u00a0\u00bb][et_pb_column type=\u00a0\u00bb1_2&Prime; _builder_version=\u00a0\u00bb4.14.4&Prime; _module_preset=\u00a0\u00bbdefault\u00a0\u00bb global_colors_info=\u00a0\u00bb{}\u00a0\u00bb][et_pb_text _builder_version=\u00a0\u00bb4.14.4&Prime; _module_preset=\u00a0\u00bbdefault\u00a0\u00bb background_color=\u00a0\u00bb#f29ebe\u00a0\u00bb custom_margin=\u00a0\u00bb10px||10px||true|false\u00a0\u00bb custom_padding=\u00a0\u00bb20px|20px|29px|20px|false|true\u00a0\u00bb border_radii=\u00a0\u00bbon|5px|5px|5px|5px\u00a0\u00bb global_colors_info=\u00a0\u00bb{}\u00a0\u00bb]<\/p>\n<h2>Parcours Spect\u2019acteur<\/h2>\n<p style=\"text-align: left;\"><strong>&gt; S&rsquo;initier \u00e0 la pratique artistique<\/strong><\/p>\n<p>A destination des classes d\u2019\u00e9l\u00e9mentaire<br \/>\nA partir du CM1<\/p>\n<ul>\n<li>1 atelier de m\u00e9diation pour d\u00e9couvrir le Festival de Marseille et le spectacle vivant<\/li>\n<li>1 atelier avec un\u2219e artiste (2h)<\/li>\n<li>1 venue au spectacle<\/li>\n<\/ul>\n<p>&nbsp;<\/p>\n<p><em><br \/>\nInscription sur la plateforme Adage (courant mai de l&rsquo;ann\u00e9e n-1)<br \/>\n<\/em>[\/et_pb_text][\/et_pb_column][et_pb_column type=\u00a0\u00bb1_2&Prime; _builder_version=\u00a0\u00bb4.14.4&Prime; _module_preset=\u00a0\u00bbdefault\u00a0\u00bb global_colors_info=\u00a0\u00bb{}\u00a0\u00bb][et_pb_text _builder_version=\u00a0\u00bb4.14.4&Prime; _module_preset=\u00a0\u00bbdefault\u00a0\u00bb background_color=\u00a0\u00bb#f29ebe\u00a0\u00bb custom_margin=\u00a0\u00bb10px||10px||true|false\u00a0\u00bb custom_padding=\u00a0\u00bb20px|20px|20px|20px|true|true\u00a0\u00bb border_radii=\u00a0\u00bbon|5px|5px|5px|5px\u00a0\u00bb global_colors_info=\u00a0\u00bb{}\u00a0\u00bb]<\/p>\n<h2>Parcours Corps Engag\u00e9s<\/h2>\n<p><strong>&gt; Prendre le temps de la pratique artistique<\/strong><\/p>\n<p>A destination des classes de coll\u00e8ge<br \/>\n6e &gt; 3e<\/p>\n<ul>\n<li>1 atelier de m\u00e9diation pour d\u00e9couvrir le Festival de Marseille et le spectacle vivant<\/li>\n<li>5 ateliers avec un\u2219e artiste (10h)<\/li>\n<li>1 restitution<\/li>\n<li>1 venue au spectacle<\/li>\n<\/ul>\n<p><em><br \/>\nInscription sur la plateforme des Actions Educatives du Conseil D\u00e9partemantal (f\u00e9v-mars de l&rsquo;ann\u00e9e n-1)<br \/>\n<\/em>[\/et_pb_text][\/et_pb_column][\/et_pb_row][et_pb_row column_structure=\u00a0\u00bb1_2,1_2&Prime; _builder_version=\u00a0\u00bb4.14.4&Prime; _module_preset=\u00a0\u00bbdefault\u00a0\u00bb width=\u00a0\u00bb90%\u00a0\u00bb global_colors_info=\u00a0\u00bb{}\u00a0\u00bb][et_pb_column type=\u00a0\u00bb1_2&Prime; _builder_version=\u00a0\u00bb4.14.4&Prime; _module_preset=\u00a0\u00bbdefault\u00a0\u00bb global_colors_info=\u00a0\u00bb{}\u00a0\u00bb][et_pb_text _builder_version=\u00a0\u00bb4.14.4&Prime; _module_preset=\u00a0\u00bbdefault\u00a0\u00bb background_color=\u00a0\u00bb#f29ebe\u00a0\u00bb custom_margin=\u00a0\u00bb10px||10px||true|false\u00a0\u00bb custom_padding=\u00a0\u00bb20px|20px|20px|20px|true|true\u00a0\u00bb border_radii=\u00a0\u00bbon|5px|5px|5px|5px\u00a0\u00bb global_colors_info=\u00a0\u00bb{}\u00a0\u00bb]<\/p>\n<h2>L&rsquo;appel \u00e0 projet Education Artistique et Culturelle de la Ville de Marseille<\/h2>\n<p><strong>&gt; Participer \u00e0 un projet d&rsquo;ann\u00e9e<\/strong><\/p>\n<p>A destination des classes d\u2019\u00e9l\u00e9mentaire<br \/>A partir du CM1<\/p>\n<ul>\n<li>1 atelier de m\u00e9diation pour d\u00e9couvrir le Festival de Marseille et le spectacle vivant<\/li>\n<li>6 ateliers avec un\u2219e artiste (12h)<\/li>\n<li>1 restitution<\/li>\n<li>1 venue au spectacle <\/li>\n<\/ul>\n<p><em>Format variable en fonction des ann\u00e9es<br \/>Inscription sur la plateforme POEM (au mois de septembre de l&rsquo;ann\u00e9e scolaire en cours)<\/em><\/p>\n<p>[\/et_pb_text][\/et_pb_column][et_pb_column type=\u00a0\u00bb1_2&Prime; _builder_version=\u00a0\u00bb4.14.4&Prime; _module_preset=\u00a0\u00bbdefault\u00a0\u00bb global_colors_info=\u00a0\u00bb{}\u00a0\u00bb][et_pb_text _builder_version=\u00a0\u00bb4.14.4&Prime; _module_preset=\u00a0\u00bbdefault\u00a0\u00bb background_color=\u00a0\u00bb#f29ebe\u00a0\u00bb custom_margin=\u00a0\u00bb10px||10px||true|false\u00a0\u00bb custom_padding=\u00a0\u00bb20px|20px|20px|20px|true|true\u00a0\u00bb hover_enabled=\u00a0\u00bb0&Prime; border_radii=\u00a0\u00bbon|5px|5px|5px|5px\u00a0\u00bb global_colors_info=\u00a0\u00bb{}\u00a0\u00bb sticky_enabled=\u00a0\u00bb0&Prime;]<\/p>\n<h3>Parcours Clin d&rsquo;Oeil<\/h3>\n<p>&nbsp;<\/p>\n<p><strong>&gt; \u00catre spectateur\u2219ice pendant le Festival de Marseille<\/strong><\/p>\n<p>A destination des classes de coll\u00e8ge et de lyc\u00e9e<br \/>6e &gt; Terminale<\/p>\n<ul>\n<li>1 atelier de m\u00e9diation pour d\u00e9couvrir le Festival de Marseille et pr\u00e9parer la venue au spectacle<\/li>\n<li>1 venue au spectacle pendant le Festival de Marseille &#8211; en soir\u00e9e uniquement<\/li>\n<\/ul>\n<p><em><\/em><\/p>\n<p><em><\/em><\/p>\n<p><em><\/em><\/p>\n<p><em><br \/>Inscription aupr\u00e8s de l&rsquo;\u00e9quipe des relations avec les publics du Festival de Marseille : rp5@festivaldemarseille.com (\u00e0 partir de f\u00e9vrier-mars pour l&rsquo;\u00e9dition de l&rsquo;ann\u00e9e)<br \/><\/em><\/p>\n<p>[\/et_pb_text][\/et_pb_column][\/et_pb_row][\/et_pb_section][et_pb_section fb_built=\u00a0\u00bb1&Prime; _builder_version=\u00a0\u00bb4.14.4&Prime; _module_preset=\u00a0\u00bbdefault\u00a0\u00bb global_colors_info=\u00a0\u00bb{}\u00a0\u00bb][et_pb_row _builder_version=\u00a0\u00bb4.14.4&Prime; _module_preset=\u00a0\u00bbdefault\u00a0\u00bb global_colors_info=\u00a0\u00bb{}\u00a0\u00bb][et_pb_column type=\u00a0\u00bb4_4&Prime; _builder_version=\u00a0\u00bb4.14.4&Prime; _module_preset=\u00a0\u00bbdefault\u00a0\u00bb global_colors_info=\u00a0\u00bb{}\u00a0\u00bb][et_pb_text _builder_version=\u00a0\u00bb4.14.4&Prime; _module_preset=\u00a0\u00bbdefault\u00a0\u00bb global_colors_info=\u00a0\u00bb{}\u00a0\u00bb]Dans vos programmes, ils s&rsquo;articulent autour d\u2019un socle commun de connaissances, de comp\u00e9tences et de r\u00e9f\u00e9rences culturelles :<\/p>\n<p><strong>Les langages<\/strong> <strong>pour penser et communiquer. <\/strong>Langue fran\u00e7aise, langage des arts et du corps et langage informatique (nouvelles technologies).<br \/>\n<strong>La formation de la personne et du citoyen. <\/strong>Apprentissage d\u2019une aptitude \u00e0 vivre ensemble, \u00e0 travailler pour coop\u00e9rer et exister dans une m\u00eame soci\u00e9t\u00e9. \/ Parcours du citoyen pour partager et adh\u00e9rer aux valeurs de la R\u00e9publique.<br \/>\n<strong>Les repr\u00e9sentations du monde et l\u2019activit\u00e9 humaine. <\/strong>Compr\u00e9hension des soci\u00e9t\u00e9s dans le temps et l\u2019espace. \/ Interpr\u00e9tation des productions culturelles humaines. \/ Connaissance du monde social contemporain.<\/p>\n<p>&nbsp;[\/et_pb_text][\/et_pb_column][\/et_pb_row][\/et_pb_section][et_pb_section fb_built=\u00a0\u00bb1&Prime; _builder_version=\u00a0\u00bb4.14.4&Prime; _module_preset=\u00a0\u00bbdefault\u00a0\u00bb global_colors_info=\u00a0\u00bb{}\u00a0\u00bb][et_pb_row _builder_version=\u00a0\u00bb4.14.4&Prime; _module_preset=\u00a0\u00bbdefault\u00a0\u00bb global_colors_info=\u00a0\u00bb{}\u00a0\u00bb][et_pb_column type=\u00a0\u00bb4_4&Prime; _builder_version=\u00a0\u00bb4.14.4&Prime; _module_preset=\u00a0\u00bbdefault\u00a0\u00bb global_colors_info=\u00a0\u00bb{}\u00a0\u00bb][et_pb_button button_url=\u00a0\u00bbmailto:rp2@festivaldemarseille.com\u00a0\u00bb button_text=\u00a0\u00bbVous avez envie de monter un projet dans votre classe ? Contactez-nous pour imaginer un projet sur mesure !\u00a0\u00bb button_alignment=\u00a0\u00bbcenter\u00a0\u00bb _builder_version=\u00a0\u00bb4.14.4&Prime; _module_preset=\u00a0\u00bbdefault\u00a0\u00bb custom_button=\u00a0\u00bbon\u00a0\u00bb button_text_color=\u00a0\u00bb#f29ebe\u00a0\u00bb button_bg_color=\u00a0\u00bbRGBA(255,255,255,0)\u00a0\u00bb button_border_width=\u00a0\u00bb5px\u00a0\u00bb button_border_color=\u00a0\u00bb#f29ebe\u00a0\u00bb button_icon=\u00a0\u00bb&#xe010;||divi||400&Prime; button_icon_color=\u00a0\u00bb#f29ebe\u00a0\u00bb button_icon_placement=\u00a0\u00bbleft\u00a0\u00bb button_on_hover=\u00a0\u00bboff\u00a0\u00bb box_shadow_style=\u00a0\u00bbpreset1&Prime; global_colors_info=\u00a0\u00bb{}\u00a0\u00bb][\/et_pb_button][\/et_pb_column][\/et_pb_row][\/et_pb_section][et_pb_section fb_built=\u00a0\u00bb1&Prime; disabled_on=\u00a0\u00bboff|off|off\u00a0\u00bb _builder_version=\u00a0\u00bb4.14.4&Prime; _module_preset=\u00a0\u00bbdefault\u00a0\u00bb global_colors_info=\u00a0\u00bb{}\u00a0\u00bb][et_pb_row _builder_version=\u00a0\u00bb4.14.4&Prime; _module_preset=\u00a0\u00bbdefault\u00a0\u00bb global_colors_info=\u00a0\u00bb{}\u00a0\u00bb][et_pb_column type=\u00a0\u00bb4_4&Prime; _builder_version=\u00a0\u00bb4.14.4&Prime; _module_preset=\u00a0\u00bbdefault\u00a0\u00bb global_colors_info=\u00a0\u00bb{}\u00a0\u00bb][et_pb_text _builder_version=\u00a0\u00bb4.14.4&Prime; _module_preset=\u00a0\u00bbdefault\u00a0\u00bb global_colors_info=\u00a0\u00bb{}\u00a0\u00bb]<\/p>\n<h5 style=\"text-align: center;\">Retours sur les programmes d&rsquo;actions culturelles des ann\u00e9es pr\u00e9c\u00e9dentes<\/h5>\n<p>[\/et_pb_text][\/et_pb_column][\/et_pb_row][et_pb_row column_structure=\u00a0\u00bb1_2,1_2&Prime; _builder_version=\u00a0\u00bb4.14.4&Prime; _module_preset=\u00a0\u00bbdefault\u00a0\u00bb global_colors_info=\u00a0\u00bb{}\u00a0\u00bb][et_pb_column type=\u00a0\u00bb1_2&Prime; _builder_version=\u00a0\u00bb4.14.4&Prime; _module_preset=\u00a0\u00bbdefault\u00a0\u00bb global_colors_info=\u00a0\u00bb{}\u00a0\u00bb][et_pb_image src=\u00a0\u00bbhttps:\/\/en-classe.festivaldemarseille.com\/wp-content\/uploads\/2024\/04\/2023-06-20_FDM_Haircuts-by-children_Atelier_Ecole-La-Viste-Bousquet_CREDIT_Pierre-Gondard-24.jpg\u00a0\u00bb title_text=\u00a0\u00bb2023-06-20_FDM_Haircuts-by-children_Atelier_Ecole -La-Viste-Bousquet_CREDIT_Pierre-Gondard-24&Prime; url=\u00a0\u00bbhttps:\/\/vimeo.com\/manage\/videos\/865504236&Prime; _builder_version=\u00a0\u00bb4.14.4&Prime; _module_preset=\u00a0\u00bbdefault\u00a0\u00bb global_colors_info=\u00a0\u00bb{}\u00a0\u00bb][\/et_pb_image][et_pb_text _builder_version=\u00a0\u00bb4.14.4&Prime; _module_preset=\u00a0\u00bbdefault\u00a0\u00bb global_colors_info=\u00a0\u00bb{}\u00a0\u00bb]Vid\u00e9o des actions culturelles &#8211; Edition 2023[\/et_pb_text][\/et_pb_column][et_pb_column type=\u00a0\u00bb1_2&Prime; _builder_version=\u00a0\u00bb4.14.4&Prime; _module_preset=\u00a0\u00bbdefault\u00a0\u00bb global_colors_info=\u00a0\u00bb{}\u00a0\u00bb][et_pb_image src=\u00a0\u00bbhttps:\/\/en-classe.festivaldemarseille.com\/wp-content\/uploads\/2022\/05\/DSC_0099-scaled.jpg\u00a0\u00bb url=\u00a0\u00bbhttps:\/\/vimeo.com\/manage\/videos\/749496449&Prime; _builder_version=\u00a0\u00bb4.14.4&Prime; _module_preset=\u00a0\u00bbdefault\u00a0\u00bb global_colors_info=\u00a0\u00bb{}\u00a0\u00bb][\/et_pb_image][et_pb_text _builder_version=\u00a0\u00bb4.14.4&Prime; _module_preset=\u00a0\u00bbdefault\u00a0\u00bb global_colors_info=\u00a0\u00bb{}\u00a0\u00bb]Vid\u00e9o des actions culturelles &#8211; Edition 2022[\/et_pb_text][\/et_pb_column][\/et_pb_row][\/et_pb_section]<\/p>\n","protected":false},"excerpt":{"rendered":"<p>Le Festival de Marseille met en place diff\u00e9rents parcours de spectateur\u00b7ices. Chaque ann\u00e9e, de nouvelles th\u00e9matiques sont imagin\u00e9es et de nouvelles classes peuvent en b\u00e9n\u00e9ficier ! Pens\u00e9s comme un moyen de d\u00e9couvrir le monde du spectacle vivant, ses enjeux et ses acteurs, les parcours reposent sur les diff\u00e9rents piliers de l&rsquo;Education Artistique et Culturelle : [&hellip;]<\/p>\n","protected":false},"author":1,"featured_media":0,"parent":0,"menu_order":0,"comment_status":"closed","ping_status":"closed","template":"","meta":{"_et_pb_use_builder":"on","_et_pb_old_content":"","_et_gb_content_width":"","jetpack_post_was_ever_published":true,"footnotes":""},"class_list":["post-2898","page","type-page","status-publish","hentry"],"jetpack_sharing_enabled":true,"_links":{"self":[{"href":"https:\/\/en-classe.festivaldemarseille.com\/index.php\/wp-json\/wp\/v2\/pages\/2898","targetHints":{"allow":["GET"]}}],"collection":[{"href":"https:\/\/en-classe.festivaldemarseille.com\/index.php\/wp-json\/wp\/v2\/pages"}],"about":[{"href":"https:\/\/en-classe.festivaldemarseille.com\/index.php\/wp-json\/wp\/v2\/types\/page"}],"author":[{"embeddable":true,"href":"https:\/\/en-classe.festivaldemarseille.com\/index.php\/wp-json\/wp\/v2\/users\/1"}],"replies":[{"embeddable":true,"href":"https:\/\/en-classe.festivaldemarseille.com\/index.php\/wp-json\/wp\/v2\/comments?post=2898"}],"version-history":[{"count":146,"href":"https:\/\/en-classe.festivaldemarseille.com\/index.php\/wp-json\/wp\/v2\/pages\/2898\/revisions"}],"predecessor-version":[{"id":5199,"href":"https:\/\/en-classe.festivaldemarseille.com\/index.php\/wp-json\/wp\/v2\/pages\/2898\/revisions\/5199"}],"wp:attachment":[{"href":"https:\/\/en-classe.festivaldemarseille.com\/index.php\/wp-json\/wp\/v2\/media?parent=2898"}],"curies":[{"name":"wp","href":"https:\/\/api.w.org\/{rel}","templated":true}]}}