{"id":1076,"date":"2022-01-26T18:18:40","date_gmt":"2022-01-26T17:18:40","guid":{"rendered":"https:\/\/en-classe.festivaldemarseille.com\/?page_id=1076"},"modified":"2022-05-04T10:51:24","modified_gmt":"2022-05-04T08:51:24","slug":"college-louise-michel-carnet-de-bord","status":"publish","type":"page","link":"https:\/\/en-classe.festivaldemarseille.com\/index.php\/college-louise-michel-carnet-de-bord\/","title":{"rendered":"Coll\u00e8ge Louise Michel &#8211; Carnet de bord"},"content":{"rendered":"<p>[et_pb_section fb_built=\u00a0\u00bb1&Prime; admin_label=\u00a0\u00bbsection\u00a0\u00bb _builder_version=\u00a0\u00bb3.22&Prime; global_colors_info=\u00a0\u00bb{}\u00a0\u00bb][et_pb_row _builder_version=\u00a0\u00bb4.14.4&Prime; _module_preset=\u00a0\u00bbdefault\u00a0\u00bb global_colors_info=\u00a0\u00bb{}\u00a0\u00bb][et_pb_column type=\u00a0\u00bb4_4&Prime; _builder_version=\u00a0\u00bb4.14.4&Prime; _module_preset=\u00a0\u00bbdefault\u00a0\u00bb global_colors_info=\u00a0\u00bb{}\u00a0\u00bb][et_pb_text _builder_version=\u00a0\u00bb4.14.4&Prime; _module_preset=\u00a0\u00bbdefault\u00a0\u00bb custom_margin=\u00a0\u00bb||-50px||false|false\u00a0\u00bb global_colors_info=\u00a0\u00bb{}\u00a0\u00bb]<\/p>\n<h1 class=\"document-title\" style=\"margin: 0px; padding: 0px 0px 20px; border: 0px; font-style: normal; font-variant-ligatures: normal; font-variant-caps: normal; font-variant-numeric: inherit; font-variant-east-asian: inherit; font-weight: bold; font-stretch: inherit; font-size: 74px; line-height: 74px; font-family: Mohave, Arial, serif; vertical-align: baseline; text-transform: uppercase; color: #000000; letter-spacing: normal; orphans: 2; text-align: center; text-indent: 0px; white-space: normal; widows: 2; word-spacing: 0px; -webkit-text-stroke-width: 0px; text-decoration-thickness: initial; text-decoration-style: initial; text-decoration-color: initial;\">COLL\u00c8GE LOUISE MICHEL<\/h1>\n<p>[\/et_pb_text][\/et_pb_column][\/et_pb_row][et_pb_row _builder_version=\u00a0\u00bb4.14.4&Prime; _module_preset=\u00a0\u00bbdefault\u00a0\u00bb global_colors_info=\u00a0\u00bb{}\u00a0\u00bb][et_pb_column type=\u00a0\u00bb4_4&Prime; _builder_version=\u00a0\u00bb4.14.4&Prime; _module_preset=\u00a0\u00bbdefault\u00a0\u00bb global_colors_info=\u00a0\u00bb{}\u00a0\u00bb][et_pb_text _builder_version=\u00a0\u00bb4.14.4&Prime; _module_preset=\u00a0\u00bbdefault\u00a0\u00bb background_color=\u00a0\u00bbgcid-a6e8453d-6fda-486d-958e-7f1e23141b0b\u00a0\u00bb custom_margin=\u00a0\u00bb||-25px||false|false\u00a0\u00bb custom_padding=\u00a0\u00bb4px||4px||false|false\u00a0\u00bb global_colors_info=\u00a0\u00bb{%22gcid-a6e8453d-6fda-486d-958e-7f1e23141b0b%22:%91%22background_color%22%93}\u00a0\u00bb]<\/p>\n<p style=\"text-align: center;\"><strong>Atelier du 10 janvier<\/strong><\/p>\n<p>[\/et_pb_text][\/et_pb_column][\/et_pb_row][et_pb_row column_structure=\u00a0\u00bb2_3,1_3&Prime; _builder_version=\u00a0\u00bb4.14.4&Prime; _module_preset=\u00a0\u00bbdefault\u00a0\u00bb global_colors_info=\u00a0\u00bb{}\u00a0\u00bb][et_pb_column type=\u00a0\u00bb2_3&Prime; _builder_version=\u00a0\u00bb4.14.4&Prime; _module_preset=\u00a0\u00bbdefault\u00a0\u00bb global_colors_info=\u00a0\u00bb{}\u00a0\u00bb][et_pb_text _builder_version=\u00a0\u00bb4.14.4&Prime; _module_preset=\u00a0\u00bbdefault\u00a0\u00bb text_text_color=\u00a0\u00bb#000000&Prime; global_colors_info=\u00a0\u00bb{}\u00a0\u00bb]<\/p>\n<p><strong>Le 10 janvier dernier, 1 \u00e8re rencontre avec la classe de 25 \u00e9l\u00e8ves de 5\u00e8me du coll\u00e8ge Louise Michel (Marseille 10\u00e8) :<br \/><\/strong><strong><\/strong><\/p>\n<p><strong>Objectifs : <\/strong>faire connaissance \/ expliquer le projet \/ d\u00e9couvrir ou approfondir ses connaissances sur la danse.<\/p>\n<p><strong>Quelles qualit\u00e9s mobilise-t-on pour la cr\u00e9ation de notre projet ?<\/strong><\/p>\n<p><strong>R\u00e9ponse des \u00e9l\u00e8ves : <\/strong>\u00c9coute, \u00e9nergie, attention, coop\u00e9ration, engagement, participation, concentration, respect, vivacit\u00e9, trouver son r\u00f4le, jouer, entraide, originalit\u00e9, cr\u00e9ativit\u00e9, l&rsquo;imagination, s&rsquo;amuser.<\/p>\n<p><strong>*<\/strong> Pr\u00e9sentation du Festival et du projet <em>Faire ensemble<\/em>.<br \/><strong>*<\/strong> D\u00e9finition ou son rapport \u00e0 la danse<br \/><strong>*<\/strong> Danses du monde &#8211; Cultures et civilisations<\/p>\n<p>[\/et_pb_text][et_pb_image src=\u00a0\u00bbhttps:\/\/en-classe.festivaldemarseille.com\/wp-content\/uploads\/2022\/01\/IMG_20220126_165618-scaled.jpg\u00a0\u00bb title_text=\u00a0\u00bbIMG_20220126_165618&Prime; _builder_version=\u00a0\u00bb4.14.4&Prime; _module_preset=\u00a0\u00bbdefault\u00a0\u00bb global_colors_info=\u00a0\u00bb{}\u00a0\u00bb][\/et_pb_image][\/et_pb_column][et_pb_column type=\u00a0\u00bb1_3&Prime; _builder_version=\u00a0\u00bb4.14.4&Prime; _module_preset=\u00a0\u00bbdefault\u00a0\u00bb global_colors_info=\u00a0\u00bb{}\u00a0\u00bb][et_pb_gallery gallery_ids=\u00a0\u00bb1298&Prime; _builder_version=\u00a0\u00bb4.14.4&Prime; _module_preset=\u00a0\u00bbdefault\u00a0\u00bb pagination_text_align=\u00a0\u00bbcenter\u00a0\u00bb pagination_text_color=\u00a0\u00bb#E02B20&Prime; pagination_line_height=\u00a0\u00bb1.4em\u00a0\u00bb background_color=\u00a0\u00bbRGBA(255,255,255,0)\u00a0\u00bb background_layout=\u00a0\u00bbdark\u00a0\u00bb max_width=\u00a0\u00bb100%\u00a0\u00bb module_alignment=\u00a0\u00bbcenter\u00a0\u00bb height=\u00a0\u00bb293px\u00a0\u00bb max_height=\u00a0\u00bb360px\u00a0\u00bb custom_padding=\u00a0\u00bb0px||0px||true|false\u00a0\u00bb child_filter_contrast=\u00a0\u00bb104%\u00a0\u00bb child_mix_blend_mode=\u00a0\u00bboverlay\u00a0\u00bb border_width_all=\u00a0\u00bb7px\u00a0\u00bb border_color_all=\u00a0\u00bb#000000&Prime; global_colors_info=\u00a0\u00bb{}\u00a0\u00bb][\/et_pb_gallery][et_pb_text _builder_version=\u00a0\u00bb4.14.4&Prime; _module_preset=\u00a0\u00bbdefault\u00a0\u00bb background_color=\u00a0\u00bbgcid-67c005a5-dc6b-4d8c-bc0d-ae4a0dfa4dd9&Prime; width=\u00a0\u00bb100%\u00a0\u00bb max_width=\u00a0\u00bb100%\u00a0\u00bb global_colors_info=\u00a0\u00bb{%22gcid-67c005a5-dc6b-4d8c-bc0d-ae4a0dfa4dd9%22:%91%22background_color%22%93}\u00a0\u00bb]<\/p>\n<div class=\"single-document__titles\" style=\"margin: 0px; padding: 0px 0px 8px; border: 0px; font-style: normal; font-variant-ligatures: normal; font-variant-caps: normal; font-variant-numeric: inherit; font-variant-east-asian: inherit; font-weight: 400; font-stretch: inherit; font-size: 0px; line-height: inherit; font-family: Roboto, Arial, sans-serif; vertical-align: baseline; color: #000000; letter-spacing: normal; orphans: 2; text-align: start; text-indent: 0px; text-transform: none; white-space: normal; widows: 2; word-spacing: 0px; -webkit-text-stroke-width: 0px; text-decoration-thickness: initial; text-decoration-style: initial; text-decoration-color: initial;\">\n<h2>\u00a0C\u2019est qui, Louise Michel ?<\/h2>\n<\/div>\n<div class=\"text-content\" style=\"margin: 0px; padding: 0px; border: 0px; font-style: normal; font-variant-ligatures: normal; font-variant-caps: normal; font-variant-numeric: inherit; font-variant-east-asian: inherit; font-weight: 400; font-stretch: inherit; font-size: 16px; line-height: inherit; font-family: Roboto, Arial, sans-serif; vertical-align: baseline; letter-spacing: 0.039em; color: #000000; orphans: 2; text-align: start; text-indent: 0px; text-transform: none; white-space: normal; widows: 2; word-spacing: 0px; -webkit-text-stroke-width: 0px; text-decoration-thickness: initial; text-decoration-style: initial; text-decoration-color: initial;\">\n<p style=\"margin: 0px; padding-top: 0px; padding-right: 0px; padding-bottom: 0px; border: 0px; font: inherit; vertical-align: baseline; text-align: center;\">Louise Michel \u00e9tait <strong>une militante f\u00e9ministe et r\u00e9volutionnaire.<\/strong> Elle est n\u00e9e en 1830, des amours d\u2019une servante et d\u2019un ch\u00e2telain. Louise re\u00e7oit une \u00e9ducation moderne. Elle devient <strong>institutrice<\/strong>\u2026 et fonde une \u00e9cole gratuite et mixte : une nouveaut\u00e9 \u00e0 l\u2019\u00e9poque ! Puis elle part enseigner \u00e0 Paris, rencontre des r\u00e9volutionnaires \u2013 des militants qui veulent tout changer dans la soci\u00e9t\u00e9 \u2013 et <strong>s\u2019engage en politique<\/strong>.<\/p>\n<\/div>\n<p>[\/et_pb_text][\/et_pb_column][\/et_pb_row][et_pb_row _builder_version=\u00a0\u00bb4.14.4&Prime; _module_preset=\u00a0\u00bbdefault\u00a0\u00bb global_colors_info=\u00a0\u00bb{}\u00a0\u00bb][et_pb_column type=\u00a0\u00bb4_4&Prime; _builder_version=\u00a0\u00bb4.14.4&Prime; _module_preset=\u00a0\u00bbdefault\u00a0\u00bb global_colors_info=\u00a0\u00bb{}\u00a0\u00bb][et_pb_text _builder_version=\u00a0\u00bb4.14.4&Prime; _module_preset=\u00a0\u00bbdefault\u00a0\u00bb text_text_color=\u00a0\u00bb#000000&Prime; background_color=\u00a0\u00bbgcid-67c005a5-dc6b-4d8c-bc0d-ae4a0dfa4dd9&Prime; custom_margin=\u00a0\u00bb0px||10px||false|false\u00a0\u00bb custom_padding=\u00a0\u00bb10px||13px||false|false\u00a0\u00bb global_colors_info=\u00a0\u00bb{%22gcid-67c005a5-dc6b-4d8c-bc0d-ae4a0dfa4dd9%22:%91%22background_color%22%93}\u00a0\u00bb]<\/p>\n<p style=\"text-align: center;\"><strong>Atelier 26 janvier 2022<br \/><\/strong><\/p>\n<p>[\/et_pb_text][et_pb_text _builder_version=\u00a0\u00bb4.14.4&Prime; _module_preset=\u00a0\u00bbdefault\u00a0\u00bb text_text_color=\u00a0\u00bb#000000&Prime; custom_margin=\u00a0\u00bb26px||6px||false|false\u00a0\u00bb global_colors_info=\u00a0\u00bb{}\u00a0\u00bb]<\/p>\n<p>Premier atelier pratique : Pr\u00e9sentation du groupe \u00e0 partir d&rsquo;un objet personnel et exploration de l&rsquo;espace \u00e0 diff\u00e9rents niveaux et rythmes.<\/p>\n<p>Pour finir l&rsquo;atelier, en faisant appel \u00e0 l&rsquo;imaginaire pour faire deviner des mots \u00e0 partir de gestes, sans paroles.<\/p>\n<p>[\/et_pb_text][et_pb_gallery gallery_ids=\u00a0\u00bb1086,1085,1084,1083&Prime; _builder_version=\u00a0\u00bb4.14.4&Prime; _module_preset=\u00a0\u00bbdefault\u00a0\u00bb transform_scale=\u00a0\u00bb72%|72%\u00a0\u00bb transform_translate=\u00a0\u00bb2px|-119px\u00a0\u00bb transform_origin=\u00a0\u00bb50%|54%\u00a0\u00bb background_layout=\u00a0\u00bbdark\u00a0\u00bb custom_margin=\u00a0\u00bb||-137px||false|false\u00a0\u00bb border_width_all=\u00a0\u00bb8px\u00a0\u00bb border_color_all=\u00a0\u00bb#000000&Prime; global_colors_info=\u00a0\u00bb{}\u00a0\u00bb][\/et_pb_gallery][et_pb_text _builder_version=\u00a0\u00bb4.14.4&Prime; _module_preset=\u00a0\u00bbdefault\u00a0\u00bb text_text_color=\u00a0\u00bb#000000&Prime; custom_margin=\u00a0\u00bb-30px||||false|false\u00a0\u00bb custom_padding=\u00a0\u00bb0px||||false|false\u00a0\u00bb global_colors_info=\u00a0\u00bb{}\u00a0\u00bb]<\/p>\n<p><strong>Mots recueillis en fin de session :<\/strong><\/p>\n<p>joie, content, excit\u00e9, \u00e9nergiques, curieux, fatigu\u00e9s, int\u00e9ress\u00e9, heureuse, dynamique, super, faim.<\/p>\n<p>[\/et_pb_text][et_pb_text _builder_version=\u00a0\u00bb4.14.4&Prime; _module_preset=\u00a0\u00bbdefault\u00a0\u00bb text_text_color=\u00a0\u00bb#000000&Prime; background_color=\u00a0\u00bbgcid-f983eb1b-fbf9-425a-a23e-ad0522245675&Prime; custom_margin=\u00a0\u00bb0px||10px||false|false\u00a0\u00bb custom_padding=\u00a0\u00bb10px||10px||false|false\u00a0\u00bb global_colors_info=\u00a0\u00bb{%22gcid-f983eb1b-fbf9-425a-a23e-ad0522245675%22:%91%22background_color%22%93}\u00a0\u00bb]<\/p>\n<p style=\"text-align: center;\"><strong>Atelier 28 f\u00e9vrier 2022<br \/><\/strong><\/p>\n<p>[\/et_pb_text][et_pb_text _builder_version=\u00a0\u00bb4.14.4&Prime; _module_preset=\u00a0\u00bbdefault\u00a0\u00bb text_text_color=\u00a0\u00bb#000000&Prime; custom_margin=\u00a0\u00bb28px||8px||false|false\u00a0\u00bb global_colors_info=\u00a0\u00bb{}\u00a0\u00bb]<\/p>\n<p style=\"text-align: justify;\">Pour ce deuxi\u00e8me atelier, nous avons travaill\u00e9 l&rsquo;\u00e9coute \u00e0 travers divers exercices en groupe, du bin\u00f4me \u00e0 l&rsquo;\u00e9quipe de quinze. Ensuite, nous avons entam\u00e9 un travail sur le mouvement \u00e0 l&rsquo;aide de plumes et de blocs d&rsquo;argile, l&rsquo;id\u00e9e \u00e9tant de voir en quoi le poids, la densit\u00e9, la consistance d&rsquo;un objet pouvait impacter nos mouvements et donc nos fa\u00e7ons de danser.<\/p>\n<p>[\/et_pb_text][et_pb_gallery gallery_ids=\u00a0\u00bb1523,1524&Prime; _builder_version=\u00a0\u00bb4.14.4&Prime; _module_preset=\u00a0\u00bbdefault\u00a0\u00bb background_color=\u00a0\u00bb#3d3d3d\u00a0\u00bb transform_scale=\u00a0\u00bb77%|77%\u00a0\u00bb transform_translate=\u00a0\u00bb13px|-69px\u00a0\u00bb transform_origin=\u00a0\u00bb42%|77%\u00a0\u00bb background_layout=\u00a0\u00bbdark\u00a0\u00bb custom_margin=\u00a0\u00bb-57px||-44px||false|false\u00a0\u00bb border_width_all=\u00a0\u00bb8px\u00a0\u00bb global_colors_info=\u00a0\u00bb{}\u00a0\u00bb][\/et_pb_gallery][et_pb_text _builder_version=\u00a0\u00bb4.14.4&Prime; _module_preset=\u00a0\u00bbdefault\u00a0\u00bb text_text_color=\u00a0\u00bb#000000&Prime; background_color=\u00a0\u00bbgcid-a6e8453d-6fda-486d-958e-7f1e23141b0b\u00a0\u00bb custom_margin=\u00a0\u00bb0px||10px||false|false\u00a0\u00bb custom_padding=\u00a0\u00bb10px||10px||false|false\u00a0\u00bb global_colors_info=\u00a0\u00bb{%22gcid-a6e8453d-6fda-486d-958e-7f1e23141b0b%22:%91%22background_color%22%93}\u00a0\u00bb]<\/p>\n<p style=\"text-align: center;\"><strong>Atelier 27 avril 2022<\/strong><\/p>\n<p>[\/et_pb_text][et_pb_text _builder_version=\u00a0\u00bb4.14.4&Prime; _module_preset=\u00a0\u00bbdefault\u00a0\u00bb text_text_color=\u00a0\u00bb#000000&Prime; hover_enabled=\u00a0\u00bb0&Prime; global_colors_info=\u00a0\u00bb{}\u00a0\u00bb sticky_enabled=\u00a0\u00bb0&Prime;]<\/p>\n<p>Les \u00e9l\u00e8ves ont explor\u00e9 l&rsquo;occupation de l&rsquo;espace sc\u00e9nique \u00e0 partir des d\u00e9placements \u00e0 diff\u00e9rentes vitesses.<\/p>\n<p>Travail sur le regard et l&rsquo;\u00e9coute.<\/p>\n<p>Pluie de mot \u00e0 partir de 3 mots : Ensemble, boxe et jaune. Imaginer des gestes \u00e0 partir des mots choisis.<\/p>\n<p>Constitution des parcours sur des trajets d\u00e9ssin\u00e9s avec des gestes improvis\u00e9s, en groupe.<\/p>\n<p>[\/et_pb_text][et_pb_gallery gallery_ids=\u00a0\u00bb1789,1790,1791,1792,1793,1794,1795&Prime; _builder_version=\u00a0\u00bb4.14.4&Prime; _module_preset=\u00a0\u00bbdefault\u00a0\u00bb transform_scale=\u00a0\u00bb66%|66%\u00a0\u00bb background_layout=\u00a0\u00bbdark\u00a0\u00bb width=\u00a0\u00bb57%\u00a0\u00bb module_alignment=\u00a0\u00bbcenter\u00a0\u00bb min_height=\u00a0\u00bb527px\u00a0\u00bb height=\u00a0\u00bb391px\u00a0\u00bb max_height=\u00a0\u00bb100px\u00a0\u00bb hover_enabled=\u00a0\u00bb0&Prime; border_width_all=\u00a0\u00bb7px\u00a0\u00bb global_colors_info=\u00a0\u00bb{}\u00a0\u00bb max_width=\u00a0\u00bb70%\u00a0\u00bb sticky_enabled=\u00a0\u00bb0&Prime;][\/et_pb_gallery][et_pb_text _builder_version=\u00a0\u00bb4.14.4&Prime; _module_preset=\u00a0\u00bbdefault\u00a0\u00bb text_text_color=\u00a0\u00bb#000000&Prime; background_color=\u00a0\u00bb#E09900&Prime; custom_margin=\u00a0\u00bb0px||10px||false|false\u00a0\u00bb custom_padding=\u00a0\u00bb10px||10px||false|false\u00a0\u00bb global_colors_info=\u00a0\u00bb{}\u00a0\u00bb][\/et_pb_text][et_pb_text _builder_version=\u00a0\u00bb4.14.4&Prime; _module_preset=\u00a0\u00bbdefault\u00a0\u00bb text_text_color=\u00a0\u00bb#000000&Prime; global_colors_info=\u00a0\u00bb{}\u00a0\u00bb][\/et_pb_text][et_pb_text _builder_version=\u00a0\u00bb4.14.4&Prime; _module_preset=\u00a0\u00bbdefault\u00a0\u00bb text_text_color=\u00a0\u00bb#000000&Prime; background_color=\u00a0\u00bb#E09900&Prime; custom_margin=\u00a0\u00bb0px||10px||false|false\u00a0\u00bb custom_padding=\u00a0\u00bb10px||10px||false|false\u00a0\u00bb global_colors_info=\u00a0\u00bb{}\u00a0\u00bb][\/et_pb_text][\/et_pb_column][\/et_pb_row][et_pb_row _builder_version=\u00a0\u00bb4.14.4&Prime; _module_preset=\u00a0\u00bbdefault\u00a0\u00bb global_colors_info=\u00a0\u00bb{}\u00a0\u00bb][et_pb_column type=\u00a0\u00bb4_4&Prime; _builder_version=\u00a0\u00bb4.14.4&Prime; _module_preset=\u00a0\u00bbdefault\u00a0\u00bb global_colors_info=\u00a0\u00bb{}\u00a0\u00bb][et_pb_text _builder_version=\u00a0\u00bb4.14.4&Prime; _module_preset=\u00a0\u00bbdefault\u00a0\u00bb text_text_color=\u00a0\u00bb#000000&Prime; header_2_font=\u00a0\u00bb||on|on|||||\u00a0\u00bb header_2_font_size=\u00a0\u00bb36px\u00a0\u00bb header_2_letter_spacing=\u00a0\u00bb9px\u00a0\u00bb background_color=\u00a0\u00bb#EDF000&Prime; custom_margin=\u00a0\u00bb-73px||0px||false|false\u00a0\u00bb border_width_all=\u00a0\u00bb4px\u00a0\u00bb border_style_all=\u00a0\u00bbdotted\u00a0\u00bb global_colors_info=\u00a0\u00bb{}\u00a0\u00bb]<\/p>\n<p style=\"text-align: center;\"><strong>Contactez nous pour plus d&rsquo;information : rp2(at)festivaldemarseille.com<\/strong><\/p>\n<p>[\/et_pb_text][\/et_pb_column][\/et_pb_row][\/et_pb_section]<\/p>\n","protected":false},"excerpt":{"rendered":"<p>COLL\u00c8GE LOUISE MICHELAtelier du 10 janvierLe 10 janvier dernier, 1 \u00e8re rencontre avec la classe de 25 \u00e9l\u00e8ves de 5\u00e8me du coll\u00e8ge Louise Michel (Marseille 10\u00e8) : Objectifs : faire connaissance \/ expliquer le projet \/ d\u00e9couvrir ou approfondir ses connaissances sur la danse. Quelles qualit\u00e9s mobilise-t-on pour la cr\u00e9ation de notre projet ? R\u00e9ponse [&hellip;]<\/p>\n","protected":false},"author":1,"featured_media":0,"parent":0,"menu_order":0,"comment_status":"closed","ping_status":"closed","template":"","meta":{"_et_pb_use_builder":"on","_et_pb_old_content":"","_et_gb_content_width":"","jetpack_post_was_ever_published":false,"footnotes":""},"class_list":["post-1076","page","type-page","status-publish","hentry"],"jetpack_sharing_enabled":true,"_links":{"self":[{"href":"https:\/\/en-classe.festivaldemarseille.com\/index.php\/wp-json\/wp\/v2\/pages\/1076","targetHints":{"allow":["GET"]}}],"collection":[{"href":"https:\/\/en-classe.festivaldemarseille.com\/index.php\/wp-json\/wp\/v2\/pages"}],"about":[{"href":"https:\/\/en-classe.festivaldemarseille.com\/index.php\/wp-json\/wp\/v2\/types\/page"}],"author":[{"embeddable":true,"href":"https:\/\/en-classe.festivaldemarseille.com\/index.php\/wp-json\/wp\/v2\/users\/1"}],"replies":[{"embeddable":true,"href":"https:\/\/en-classe.festivaldemarseille.com\/index.php\/wp-json\/wp\/v2\/comments?post=1076"}],"version-history":[{"count":22,"href":"https:\/\/en-classe.festivaldemarseille.com\/index.php\/wp-json\/wp\/v2\/pages\/1076\/revisions"}],"predecessor-version":[{"id":1801,"href":"https:\/\/en-classe.festivaldemarseille.com\/index.php\/wp-json\/wp\/v2\/pages\/1076\/revisions\/1801"}],"wp:attachment":[{"href":"https:\/\/en-classe.festivaldemarseille.com\/index.php\/wp-json\/wp\/v2\/media?parent=1076"}],"curies":[{"name":"wp","href":"https:\/\/api.w.org\/{rel}","templated":true}]}}